{"id":285,"date":"2019-03-25T15:42:39","date_gmt":"2019-03-25T14:42:39","guid":{"rendered":"http:\/\/bris1.no\/?page_id=285"},"modified":"2021-12-21T09:32:27","modified_gmt":"2021-12-21T08:32:27","slug":"elementor-285","status":"publish","type":"page","link":"https:\/\/bris1.no\/","title":{"rendered":"Nyeste hovedside"},"content":{"rendered":"<p>Bygget p\u00e5 gamle tradisjoner fra mange hundre \u00e5r *. Lokale r\u00e5varer og det reneste norske vann **.<\/p>\n<h2>Brisen Bryggeri<\/h2>\n<p>Full av glede!<\/p>\n<h2>Vanlige folk brygger vanlig \u00f8l<\/h2>\n<p>Enkelhet er ett sv\u00e6rt viktig prinsipp ved \u00f8lbrygging. Det samme er renhet p\u00e5 r\u00e5varer og renslighet ved produksjon. Ett avslappet forhold til alt dette gir en stor grad av enkelhet.<\/p>\n<p>\t\t\t\t\t\t\t\t\t\t<img loading=\"lazy\" decoding=\"async\" width=\"3125\" height=\"2500\" src=\"https:\/\/bris1.no\/wp-content\/uploads\/2019\/01\/josh-duncan-1093435-unsplash.jpg\" alt=\"\" srcset=\"https:\/\/bris1.no\/wp-content\/uploads\/2019\/01\/josh-duncan-1093435-unsplash.jpg 3125w, https:\/\/bris1.no\/wp-content\/uploads\/2019\/01\/josh-duncan-1093435-unsplash-300x240.jpg 300w, https:\/\/bris1.no\/wp-content\/uploads\/2019\/01\/josh-duncan-1093435-unsplash-768x614.jpg 768w, https:\/\/bris1.no\/wp-content\/uploads\/2019\/01\/josh-duncan-1093435-unsplash-1024x819.jpg 1024w\" sizes=\"auto, (max-width: 3125px) 100vw, 3125px\" \/><br \/>\n\t\t\t\t\t\t\t\t\t\t\t<a href=\"https:\/\/bris1.no\/wp-content\/uploads\/2019\/01\/ethan-weil-798069-unsplash-1.jpg\" data-elementor-open-lightbox=\"default\"><br \/>\n\t\t\t\t\t\t\t<img loading=\"lazy\" decoding=\"async\" width=\"1069\" height=\"1900\" src=\"https:\/\/bris1.no\/wp-content\/uploads\/2019\/01\/ethan-weil-798069-unsplash-1.jpg\" alt=\"\" srcset=\"https:\/\/bris1.no\/wp-content\/uploads\/2019\/01\/ethan-weil-798069-unsplash-1.jpg 1069w, https:\/\/bris1.no\/wp-content\/uploads\/2019\/01\/ethan-weil-798069-unsplash-1-169x300.jpg 169w, https:\/\/bris1.no\/wp-content\/uploads\/2019\/01\/ethan-weil-798069-unsplash-1-768x1365.jpg 768w, https:\/\/bris1.no\/wp-content\/uploads\/2019\/01\/ethan-weil-798069-unsplash-1-576x1024.jpg 576w\" sizes=\"auto, (max-width: 1069px) 100vw, 1069px\" \/>\t\t\t\t\t\t\t\t<\/a><br \/>\n\t\t\t\t\t\t\t\t\t\t<img loading=\"lazy\" decoding=\"async\" width=\"1269\" height=\"1900\" src=\"https:\/\/bris1.no\/wp-content\/uploads\/2019\/01\/jakub-dziubak-262303-unsplash.jpg\" alt=\"\" srcset=\"https:\/\/bris1.no\/wp-content\/uploads\/2019\/01\/jakub-dziubak-262303-unsplash.jpg 1269w, https:\/\/bris1.no\/wp-content\/uploads\/2019\/01\/jakub-dziubak-262303-unsplash-200x300.jpg 200w, https:\/\/bris1.no\/wp-content\/uploads\/2019\/01\/jakub-dziubak-262303-unsplash-768x1150.jpg 768w, https:\/\/bris1.no\/wp-content\/uploads\/2019\/01\/jakub-dziubak-262303-unsplash-684x1024.jpg 684w\" sizes=\"auto, (max-width: 1269px) 100vw, 1269px\" \/><br \/>\n\t\t\t\t\t\t\t\t\t\t<img loading=\"lazy\" decoding=\"async\" width=\"1263\" height=\"1900\" src=\"https:\/\/bris1.no\/wp-content\/uploads\/2019\/01\/gonzalo-remy-522263-unsplash.jpg\" alt=\"\" srcset=\"https:\/\/bris1.no\/wp-content\/uploads\/2019\/01\/gonzalo-remy-522263-unsplash.jpg 1263w, https:\/\/bris1.no\/wp-content\/uploads\/2019\/01\/gonzalo-remy-522263-unsplash-199x300.jpg 199w, https:\/\/bris1.no\/wp-content\/uploads\/2019\/01\/gonzalo-remy-522263-unsplash-768x1155.jpg 768w, https:\/\/bris1.no\/wp-content\/uploads\/2019\/01\/gonzalo-remy-522263-unsplash-681x1024.jpg 681w\" sizes=\"auto, (max-width: 1263px) 100vw, 1263px\" \/><br \/>\n\t\t\t\t\t\t\t\t\t\t\t<a href=\"https:\/\/bris1.no\/wp-content\/uploads\/2019\/01\/alexander-mils-671507-unsplash.jpg\" data-elementor-open-lightbox=\"default\"><br \/>\n\t\t\t\t\t\t\t<img loading=\"lazy\" decoding=\"async\" width=\"1267\" height=\"1900\" src=\"https:\/\/bris1.no\/wp-content\/uploads\/2019\/01\/alexander-mils-671507-unsplash.jpg\" alt=\"\" srcset=\"https:\/\/bris1.no\/wp-content\/uploads\/2019\/01\/alexander-mils-671507-unsplash.jpg 1267w, https:\/\/bris1.no\/wp-content\/uploads\/2019\/01\/alexander-mils-671507-unsplash-200x300.jpg 200w, https:\/\/bris1.no\/wp-content\/uploads\/2019\/01\/alexander-mils-671507-unsplash-768x1152.jpg 768w, https:\/\/bris1.no\/wp-content\/uploads\/2019\/01\/alexander-mils-671507-unsplash-683x1024.jpg 683w\" sizes=\"auto, (max-width: 1267px) 100vw, 1267px\" \/>\t\t\t\t\t\t\t\t<\/a><\/p>\n<p>For \u00e5 f\u00e5 v\u00e5r kontaktinfo vil vi gjerne f\u00f8rst l\u00e6re deg \u00e5 kjenne. Legg gjerne inn din tilbakemelding p\u00e5 v\u00e5re produkter s\u00e5 kan vi vurdere om vi vil ha kontakt fra deg. For \u00e5 kunne smake v\u00e5re produkter s\u00e5 m\u00e5 du f\u00f8rst f\u00e5 v\u00e5r kontaktinfo&#8230;<\/p>\n<p>\t\t\t\t\t\t\t\t\t\t<img loading=\"lazy\" decoding=\"async\" width=\"800\" height=\"534\" src=\"https:\/\/bris1.no\/wp-content\/uploads\/2019\/01\/monica-di-loxley-709069-unsplash-1024x683.jpg\" alt=\"\" srcset=\"https:\/\/bris1.no\/wp-content\/uploads\/2019\/01\/monica-di-loxley-709069-unsplash-1024x683.jpg 1024w, https:\/\/bris1.no\/wp-content\/uploads\/2019\/01\/monica-di-loxley-709069-unsplash-1024x683-300x200.jpg 300w, https:\/\/bris1.no\/wp-content\/uploads\/2019\/01\/monica-di-loxley-709069-unsplash-768x512.jpg 768w\" sizes=\"auto, (max-width: 800px) 100vw, 800px\" \/>\t\t\t\t\t\t\t\t\t\t\t<\/p>\n<h2>\u00d8nsker du \u00e5 gi tilbakemelding<\/h2>\n<p>Har du v\u00e6rt s\u00e5 heldig \u00e5 f\u00e5 smake ett av v\u00e5re produkter. Gi gjerne tilbakemelding p\u00e5 din opplevelse ved \u00e5 g\u00e5 til Untappd. Der kan du ogs\u00e5 se hva andre mener og du kan f\u00e5 hjelp til \u00e5 finne din neste favoritt.<\/p>\n<p>\t\t\t<a href=\"https:\/\/untappd.com\/Brisen_Bryggeri\" target=\"_blank\" role=\"button\"><br \/>\n\t\t\t\t\t\tFinn ut mer<br \/>\n\t\t\t\t\t<\/a><\/p>\n<h2>Noen sm\u00e5 detaljer<\/h2>\n<p>*  det er brygget \u00f8l i mange hundre \u00e5r rundt om i verden. Vi sier ikke at vi har gjort det.<\/p>\n<p>** Det er vann i springen og r\u00e5varer er i den lokale butikken. Det er enkelt og bra nok. Man trenger ikke \u00e5 styre mer. <\/p>\n<p>\t\t\t\t\t\t\t\t\t\t\t<a href=\"https:\/\/bris1.no\/wp-content\/uploads\/2019\/01\/adam-wilson-557584-unsplash.jpg\" data-elementor-open-lightbox=\"default\"><br \/>\n\t\t\t\t\t\t\t<img loading=\"lazy\" decoding=\"async\" width=\"1267\" height=\"1900\" src=\"https:\/\/bris1.no\/wp-content\/uploads\/2019\/01\/adam-wilson-557584-unsplash.jpg\" alt=\"\" srcset=\"https:\/\/bris1.no\/wp-content\/uploads\/2019\/01\/adam-wilson-557584-unsplash.jpg 1267w, https:\/\/bris1.no\/wp-content\/uploads\/2019\/01\/adam-wilson-557584-unsplash-200x300.jpg 200w, https:\/\/bris1.no\/wp-content\/uploads\/2019\/01\/adam-wilson-557584-unsplash-768x1152.jpg 768w, https:\/\/bris1.no\/wp-content\/uploads\/2019\/01\/adam-wilson-557584-unsplash-683x1024.jpg 683w\" sizes=\"auto, (max-width: 1267px) 100vw, 1267px\" \/>\t\t\t\t\t\t\t\t<\/a><br \/>\n\t\t\t\t\t\t\t\t\t\t\t<a href=\"https:\/\/bris1.no\/wp-content\/uploads\/2019\/01\/joaquin-romero-1052868-unsplash.jpg\" data-elementor-open-lightbox=\"default\"><br \/>\n\t\t\t\t\t\t\t<img loading=\"lazy\" decoding=\"async\" width=\"3865\" height=\"5797\" src=\"https:\/\/bris1.no\/wp-content\/uploads\/2019\/01\/joaquin-romero-1052868-unsplash.jpg\" alt=\"\" srcset=\"https:\/\/bris1.no\/wp-content\/uploads\/2019\/01\/joaquin-romero-1052868-unsplash.jpg 3865w, https:\/\/bris1.no\/wp-content\/uploads\/2019\/01\/joaquin-romero-1052868-unsplash-200x300.jpg 200w, https:\/\/bris1.no\/wp-content\/uploads\/2019\/01\/joaquin-romero-1052868-unsplash-768x1152.jpg 768w, https:\/\/bris1.no\/wp-content\/uploads\/2019\/01\/joaquin-romero-1052868-unsplash-683x1024.jpg 683w\" sizes=\"auto, (max-width: 3865px) 100vw, 3865px\" \/>\t\t\t\t\t\t\t\t<\/a><br \/>\n\t\t\t\t\t\t\t\t\t\t\t<a href=\"https:\/\/bris1.no\/wp-content\/uploads\/2019\/01\/adam-wilson-642203-unsplash.jpg\" data-elementor-open-lightbox=\"default\"><br \/>\n\t\t\t\t\t\t\t<img loading=\"lazy\" decoding=\"async\" width=\"1267\" height=\"1900\" src=\"https:\/\/bris1.no\/wp-content\/uploads\/2019\/01\/adam-wilson-642203-unsplash.jpg\" alt=\"\" srcset=\"https:\/\/bris1.no\/wp-content\/uploads\/2019\/01\/adam-wilson-642203-unsplash.jpg 1267w, https:\/\/bris1.no\/wp-content\/uploads\/2019\/01\/adam-wilson-642203-unsplash-200x300.jpg 200w, https:\/\/bris1.no\/wp-content\/uploads\/2019\/01\/adam-wilson-642203-unsplash-768x1152.jpg 768w, https:\/\/bris1.no\/wp-content\/uploads\/2019\/01\/adam-wilson-642203-unsplash-683x1024.jpg 683w\" sizes=\"auto, (max-width: 1267px) 100vw, 1267px\" \/>\t\t\t\t\t\t\t\t<\/a><br \/>\n\t\t\t\t\t\t\t\t\t\t<img loading=\"lazy\" decoding=\"async\" width=\"1920\" height=\"1080\" src=\"https:\/\/bris1.no\/wp-content\/uploads\/2019\/01\/room.jpg\" alt=\"\" srcset=\"https:\/\/bris1.no\/wp-content\/uploads\/2019\/01\/room.jpg 1920w, https:\/\/bris1.no\/wp-content\/uploads\/2019\/01\/room-300x169.jpg 300w, https:\/\/bris1.no\/wp-content\/uploads\/2019\/01\/room-768x432.jpg 768w, https:\/\/bris1.no\/wp-content\/uploads\/2019\/01\/room-1024x576.jpg 1024w\" sizes=\"auto, (max-width: 1920px) 100vw, 1920px\" \/>\t\t\t\t\t\t\t\t\t\t\t<\/p>\n<p>Full av glede!<\/p>\n<h2>Brisen<\/h2>\n<p>post kr\u00f8lla bris1 dott no<\/p>\n<p>\t\t\t\t\t\t\t\t\t\t<img loading=\"lazy\" decoding=\"async\" width=\"300\" height=\"200\" src=\"https:\/\/bris1.no\/wp-content\/uploads\/2019\/01\/Bris1-stor-logo-refurbished-300x200.png\" alt=\"\" srcset=\"https:\/\/bris1.no\/wp-content\/uploads\/2019\/01\/Bris1-stor-logo-refurbished-300x200.png 300w, https:\/\/bris1.no\/wp-content\/uploads\/2019\/01\/Bris1-stor-logo-refurbished-768x512.png 768w, https:\/\/bris1.no\/wp-content\/uploads\/2019\/01\/Bris1-stor-logo-refurbished-1024x683.png 1024w, https:\/\/bris1.no\/wp-content\/uploads\/2019\/01\/Bris1-stor-logo-refurbished.png 1300w\" sizes=\"auto, (max-width: 300px) 100vw, 300px\" \/><br \/>\n\t\t\t\t0<br \/>\n\t\t\t\t\t\t\tAntall brygg<\/p>\n<p>Beste snittscore<\/p>\n<p>\t\t\t\t0<br \/>\n\t\t\t\t\t\t\tAntall tilbakemeldinger<br \/>\n\t\t\t<iframe frameborder=\"0\" scrolling=\"no\" marginheight=\"0\" marginwidth=\"0\" src=\"https:\/\/maps.google.com\/maps?q=trondheim%2C%20Norge&amp;t=m&amp;z=8&amp;output=embed&amp;iwloc=near\" aria-label=\"trondheim, Norge\"><\/iframe>\t\t<\/p>\n<h4>V\u00e5re st\u00f8ttespillere<\/h4>\n<h5>Uten v\u00e5re hjelpere blir det mindre enkelt og mer <\/h5>\n","protected":false},"excerpt":{"rendered":"<p>Bygget p\u00e5 gamle tradisjoner fra mange hundre \u00e5r *. Lokale r\u00e5varer og det reneste norske vann **. Brisen Bryggeri Full av glede! Vanlige folk brygger vanlig \u00f8l Enkelhet er ett&#8230;<\/p>\n","protected":false},"author":1,"featured_media":0,"parent":0,"menu_order":0,"comment_status":"closed","ping_status":"closed","template":"","meta":{"footnotes":""},"class_list":["post-285","page","type-page","status-publish"],"_links":{"self":[{"href":"https:\/\/bris1.no\/index.php\/wp-json\/wp\/v2\/pages\/285","targetHints":{"allow":["GET"]}}],"collection":[{"href":"https:\/\/bris1.no\/index.php\/wp-json\/wp\/v2\/pages"}],"about":[{"href":"https:\/\/bris1.no\/index.php\/wp-json\/wp\/v2\/types\/page"}],"author":[{"embeddable":true,"href":"https:\/\/bris1.no\/index.php\/wp-json\/wp\/v2\/users\/1"}],"replies":[{"embeddable":true,"href":"https:\/\/bris1.no\/index.php\/wp-json\/wp\/v2\/comments?post=285"}],"version-history":[{"count":5,"href":"https:\/\/bris1.no\/index.php\/wp-json\/wp\/v2\/pages\/285\/revisions"}],"predecessor-version":[{"id":294,"href":"https:\/\/bris1.no\/index.php\/wp-json\/wp\/v2\/pages\/285\/revisions\/294"}],"wp:attachment":[{"href":"https:\/\/bris1.no\/index.php\/wp-json\/wp\/v2\/media?parent=285"}],"curies":[{"name":"wp","href":"https:\/\/api.w.org\/{rel}","templated":true}]}}